{"id":48,"date":"2013-04-29T17:32:27","date_gmt":"2013-04-29T15:32:27","guid":{"rendered":"http:\/\/www.neumuehlen.org\/?page_id=48"},"modified":"2013-04-29T17:32:27","modified_gmt":"2013-04-29T15:32:27","slug":"grundung","status":"publish","type":"page","link":"http:\/\/www.neumuehlen.org\/?page_id=48","title":{"rendered":"Gr\u00fcndung"},"content":{"rendered":"<p>Als bekannt wurde, das in Verden drei neue Baugebiete (H\u00f6nisch, Eitze und Neum\u00fchlen) ausgeschrieben werden sollten, hat sich eine kleine Gruppe aus dem Freundeskreis um das \u00d6kozentrum herum zusammengefunden. Bei den meisten Interessentinnen stand die Frage im Raum, ob es an der Zeit ist an ein eigenes Heim zu denken. Die meisten konnten sich das bauen in einem anonymen Umfeld nicht vorstellen. Wollten aber auf der anderen Seite ein eigenes, individuelles Heim schaffen.<\/p>\n<p>Daraufhin wurde der erste Kontakt zur NLG (Nieders\u00e4chsiche Landgemeinschaft) aufgebaut, welche mit der Beplanung der Baugebiete von der Stadt Verden beauftragt wurde. Hierbei hat sich schnell rausgestellt, das es durchaus die M\u00f6glichkeit der Mitgestaltung des gew\u00fcnschten Baugel\u00e4ndes gibt.<\/p>\n<p>Es wurden alle Baugebiete auf dem freien Feld besichtigt und entschieden, das das Baugebiet in Neum\u00fchlen am attraktivsten erscheint. Es wurde ein Randgrundst\u00fcck ausgew\u00e4hlt und fr\u00fchzeitig mit der NLG abgestimmt, das dieses von unsere Gruppe eigenst\u00e4ndig im Rahmen der Vorschriften f\u00fcr diese Neubaugebiet beplant werden konnte.<\/p>\n<p>Nun wurde durch \u00f6ffentliche Veranstaltungen nach weiteren Mitstreiterinnen gesucht. Es haben sich viele Interessierte eingefunden und am Ende hat sich eine feste Gruppe aus 9 Bauherrinnen gebildet.<\/p>\n<p>Dann ging der Prozess der Planung los. Es wurden die W\u00fcnsche und Anforderungen der einzelnen gesammelt und diskutiert. Es galt m\u00f6glichst viel unter einen Hut zu bringen. Es galt zu kl\u00e4ren:<\/p>\n<ul>\n<li>Aufteilung des Baugrundst\u00fccks in private und gemeinschaftliche Fl\u00e4chen<\/li>\n<li>Planung des Gemeinschaftshauses<\/li>\n<li>Planung der gemeinsamen Au\u00dfenfl\u00e4che<\/li>\n<li>Rechtsstruktur<\/li>\n<li>Festlegung \u00d6kologischer Standards und Vorgaben an die Bauweise<\/li>\n<li>Technik (Blockkraftheizwerk und Brauchwasseranlage)<\/li>\n<\/ul>\n","protected":false},"excerpt":{"rendered":"<p>Als bekannt wurde, das in Verden drei neue Baugebiete (H\u00f6nisch, Eitze und Neum\u00fchlen) ausgeschrieben werden sollten, hat sich eine kleine Gruppe aus dem Freundeskreis um das \u00d6kozentrum herum zusammengefunden. Bei den meisten Interessentinnen stand die Frage im Raum, ob es &hellip; <a href=\"http:\/\/www.neumuehlen.org\/?page_id=48\">Weiterlesen <span class=\"meta-nav\">&rarr;<\/span><\/a><\/p>\n","protected":false},"author":1,"featured_media":0,"parent":37,"menu_order":0,"comment_status":"closed","ping_status":"open","template":"","meta":[],"_links":{"self":[{"href":"http:\/\/www.neumuehlen.org\/index.php?rest_route=\/wp\/v2\/pages\/48"}],"collection":[{"href":"http:\/\/www.neumuehlen.org\/index.php?rest_route=\/wp\/v2\/pages"}],"about":[{"href":"http:\/\/www.neumuehlen.org\/index.php?rest_route=\/wp\/v2\/types\/page"}],"author":[{"embeddable":true,"href":"http:\/\/www.neumuehlen.org\/index.php?rest_route=\/wp\/v2\/users\/1"}],"replies":[{"embeddable":true,"href":"http:\/\/www.neumuehlen.org\/index.php?rest_route=%2Fwp%2Fv2%2Fcomments&post=48"}],"version-history":[{"count":1,"href":"http:\/\/www.neumuehlen.org\/index.php?rest_route=\/wp\/v2\/pages\/48\/revisions"}],"predecessor-version":[{"id":49,"href":"http:\/\/www.neumuehlen.org\/index.php?rest_route=\/wp\/v2\/pages\/48\/revisions\/49"}],"up":[{"embeddable":true,"href":"http:\/\/www.neumuehlen.org\/index.php?rest_route=\/wp\/v2\/pages\/37"}],"wp:attachment":[{"href":"http:\/\/www.neumuehlen.org\/index.php?rest_route=%2Fwp%2Fv2%2Fmedia&parent=48"}],"curies":[{"name":"wp","href":"https:\/\/api.w.org\/{rel}","templated":true}]}}