{"id":37,"date":"2013-04-29T17:09:28","date_gmt":"2013-04-29T15:09:28","guid":{"rendered":"http:\/\/www.neumuehlen.org\/?page_id=37"},"modified":"2013-04-29T17:13:30","modified_gmt":"2013-04-29T15:13:30","slug":"uber-uns","status":"publish","type":"page","link":"http:\/\/www.neumuehlen.org\/?page_id=37","title":{"rendered":"\u00dcber uns"},"content":{"rendered":"<p>Individuell, \u00f6kologisch und gemeinschaftlich planen, bauen und leben &#8211; das ist die Ausgangsbasis der Gemeinschaftssiedlung Neum\u00fchlen. Im Stadterweiterungsgebiet Neum\u00fchlen direkt am Waldrand, hat die AllerWohnen eG ein Grundst\u00fcck von 5000 qm erworben. Sie stellt den einzelnen Mitgliedern die Baugrundst\u00fccke in unbefristeter Erbpacht zur Verf\u00fcgung.<\/p>\n<p>Zur Zeit leben auf dem Gel\u00e4nde der Gemeinschaftssiedlung 18 Erwachsene und 9 Kinder im Alter von 4 bis 16 Jahren in 9 H\u00e4usern. Wir haben noch Platz f\u00fcr zwei weitere H\u00e4user und freuen uns auf weitere nette Menschen!<\/p>\n<h4>Individuell<\/h4>\n<p>jedes Mitglied der Gemeinschaftssiedlung baut ein eigenes individuell geplantes Niedrigenergie- oder Passivhaus in Pultdachbauweise auf einem in unbefristeter Erbpacht erworbenen eigenen Baugrundst\u00fcck.<\/p>\n<h4>\u00d6kologisch<\/h4>\n<p>jedes Mitglied verpflichtet sich nach einem vorgegeben \u00f6kologischen Standard zu bauen; die Strom, Wasser und W\u00e4rmeversorgung wird zentral geregelt:<\/p>\n<p><em>W\u00e4rme\/Strom<\/em><\/p>\n<p>Zur Strom- und W\u00e4rmeerzeugung wurde bis 2012 ein Blockkraftheizwerk mit Raps\u00f6l betrieben &#8211; die Technologie erwies sich aber leider als unausgereift und wurde daher durch eine Gas-Brennwerttherme ersetzt. Derzeit pr\u00fcfen wir die Installation einer thermischen Solaranlage.<\/p>\n<p><em> Wasser<\/em><\/p>\n<p>Zur Reduzierung des Trinkwasserverbrauches wird eine Pflanzenkl\u00e4ranlage betrieben. Hier wird s\u00e4mtliches Waschwasser eingeleitet und nach der Kl\u00e4rung nochmals f\u00fcr die Toilettensp\u00fclung in allen H\u00e4usern verwendet. Dies f\u00fchrt zu einer Einsparung von 1\/3 der normal verbrauchten Wassermenge.<\/p>\n<h4>Gemeinschaftlich<\/h4>\n<p>jedes Mitglied beteiligt sich an den Einrichtungen der Gemeinschaftssiedlung:<\/p>\n<p><em> der Garten<\/em><\/p>\n<p>es stehen insgesamt ca. 1700 qm Garten zur Verf\u00fcgung, die gemeinsam genutzt werden. Es ist ein Kinderspielplatz, ein Fu\u00dfballfeld, ein Grillplatz und ein kleiner Gem\u00fcsegarten vorhanden. In der Planung steht noch die Erstellung eines Badeteichs.<\/p>\n<p><em>das Gemeinschaftshaus<\/em><\/p>\n<p><a href=\"http:\/\/www.neumuehlen.org\/wp-content\/uploads\/2013\/04\/gemeinschaftshaus.jpg\"><img loading=\"lazy\" class=\"alignnone size-medium wp-image-38\" alt=\"gemeinschaftshaus\" src=\"http:\/\/www.neumuehlen.org\/wp-content\/uploads\/2013\/04\/gemeinschaftshaus-300x185.jpg\" width=\"300\" height=\"185\" srcset=\"http:\/\/www.neumuehlen.org\/wp-content\/uploads\/2013\/04\/gemeinschaftshaus-300x185.jpg 300w, http:\/\/www.neumuehlen.org\/wp-content\/uploads\/2013\/04\/gemeinschaftshaus-485x300.jpg 485w, http:\/\/www.neumuehlen.org\/wp-content\/uploads\/2013\/04\/gemeinschaftshaus.jpg 698w\" sizes=\"(max-width: 300px) 100vw, 300px\" \/><\/a><\/p>\n<p>Hier gibt es im Erdgeschoss einen gro\u00dfen sch\u00f6nen hellen Raum von ca. 60 qm, der z.B. f\u00fcr Yoga, Partys und Hochzeiten genutzt wird. Im Obergeschoss befinden sich G\u00e4stezimmer, ein Aufenthaltsraum und eine Sauna. die Technik im Gemeinschaftshaus befindet sie die Technik f\u00fcr die Strom-, Wasser- und W\u00e4rmeversorgung der gesamten Gemeinschaftssiedlung.<\/p>\n","protected":false},"excerpt":{"rendered":"<p>Individuell, \u00f6kologisch und gemeinschaftlich planen, bauen und leben &#8211; das ist die Ausgangsbasis der Gemeinschaftssiedlung Neum\u00fchlen. Im Stadterweiterungsgebiet Neum\u00fchlen direkt am Waldrand, hat die AllerWohnen eG ein Grundst\u00fcck von 5000 qm erworben. Sie stellt den einzelnen Mitgliedern die Baugrundst\u00fccke in &hellip; <a href=\"http:\/\/www.neumuehlen.org\/?page_id=37\">Weiterlesen <span class=\"meta-nav\">&rarr;<\/span><\/a><\/p>\n","protected":false},"author":1,"featured_media":0,"parent":0,"menu_order":0,"comment_status":"closed","ping_status":"open","template":"","meta":[],"_links":{"self":[{"href":"http:\/\/www.neumuehlen.org\/index.php?rest_route=\/wp\/v2\/pages\/37"}],"collection":[{"href":"http:\/\/www.neumuehlen.org\/index.php?rest_route=\/wp\/v2\/pages"}],"about":[{"href":"http:\/\/www.neumuehlen.org\/index.php?rest_route=\/wp\/v2\/types\/page"}],"author":[{"embeddable":true,"href":"http:\/\/www.neumuehlen.org\/index.php?rest_route=\/wp\/v2\/users\/1"}],"replies":[{"embeddable":true,"href":"http:\/\/www.neumuehlen.org\/index.php?rest_route=%2Fwp%2Fv2%2Fcomments&post=37"}],"version-history":[{"count":5,"href":"http:\/\/www.neumuehlen.org\/index.php?rest_route=\/wp\/v2\/pages\/37\/revisions"}],"predecessor-version":[{"id":45,"href":"http:\/\/www.neumuehlen.org\/index.php?rest_route=\/wp\/v2\/pages\/37\/revisions\/45"}],"wp:attachment":[{"href":"http:\/\/www.neumuehlen.org\/index.php?rest_route=%2Fwp%2Fv2%2Fmedia&parent=37"}],"curies":[{"name":"wp","href":"https:\/\/api.w.org\/{rel}","templated":true}]}}